{"id":11863,"date":"2023-10-19T08:50:49","date_gmt":"2023-10-19T08:50:49","guid":{"rendered":"https:\/\/puchadesstudio.es\/?page_id=11863"},"modified":"2023-10-25T08:15:32","modified_gmt":"2023-10-25T08:15:32","slug":"aviso-legal","status":"publish","type":"page","link":"https:\/\/puchadesstudio.es\/nl\/aviso-legal\/","title":{"rendered":"Juridische Kennisgeving"},"content":{"rendered":"<div data-elementor-type=\"wp-page\" data-elementor-id=\"11863\" class=\"elementor elementor-11863\">\n\t\t\t\t<div class=\"elementor-element elementor-element-fb0d5ac e-flex e-con-boxed e-con e-parent\" data-id=\"fb0d5ac\" data-element_type=\"container\">\n\t\t\t\t\t<div class=\"e-con-inner\">\n\t\t\t\t<div class=\"elementor-element elementor-element-2a83fb2 elementor-widget elementor-widget-heading\" data-id=\"2a83fb2\" data-element_type=\"widget\" data-widget_type=\"heading.default\">\n\t\t\t\t<div class=\"elementor-widget-container\">\n\t\t\t<h2 class=\"elementor-heading-title elementor-size-default\">1. Informaci\u00f3n Corporativa Y Actividad<\/h2>\t\t<\/div>\n\t\t\t\t<\/div>\n\t\t\t\t\t<\/div>\n\t\t\t\t<\/div>\n\t\t<div class=\"elementor-element elementor-element-53f7240 e-flex e-con-boxed e-con e-parent\" data-id=\"53f7240\" data-element_type=\"container\">\n\t\t\t\t\t<div class=\"e-con-inner\">\n\t\t\t\t<div class=\"elementor-element elementor-element-2a74ed8 elementor-widget elementor-widget-text-editor\" data-id=\"2a74ed8\" data-element_type=\"widget\" data-widget_type=\"text-editor.default\">\n\t\t\t\t<div class=\"elementor-widget-container\">\n\t\t\t\t\t\t\t<p>En virtud de las obligaciones establecidas por la Ley 34\/2002, de Servicios de la Sociedad de la Informaci\u00f3n y de Comercio Electr\u00f3nico el presente sitio web es propiedad Real Home Puig SL , con B42678979 y con domicilio en Carrer de les Palmeres 2, 46703 (Valencia)<\/p><p>El tel\u00e9fono de contacto es<strong> 676052813 <\/strong>\u00a0y la direcci\u00f3n electr\u00f3nica de contacto es\u00a0<a href=\"mailto:mpuchades@hotmail.com\">mpuchades@hotmail.com<\/a><\/p>\t\t\t\t\t\t<\/div>\n\t\t\t\t<\/div>\n\t\t\t\t\t<\/div>\n\t\t\t\t<\/div>\n\t\t<div class=\"elementor-element elementor-element-e5d1a32 e-flex e-con-boxed e-con e-parent\" data-id=\"e5d1a32\" data-element_type=\"container\">\n\t\t\t\t\t<div class=\"e-con-inner\">\n\t\t\t\t<div class=\"elementor-element elementor-element-399e9e6 elementor-widget elementor-widget-heading\" data-id=\"399e9e6\" data-element_type=\"widget\" data-widget_type=\"heading.default\">\n\t\t\t\t<div class=\"elementor-widget-container\">\n\t\t\t<h2 class=\"elementor-heading-title elementor-size-default\">2. Protecci\u00f3n De Contenidos<\/h2>\t\t<\/div>\n\t\t\t\t<\/div>\n\t\t\t\t\t<\/div>\n\t\t\t\t<\/div>\n\t\t<div class=\"elementor-element elementor-element-043b479 e-flex e-con-boxed e-con e-parent\" data-id=\"043b479\" data-element_type=\"container\">\n\t\t\t\t\t<div class=\"e-con-inner\">\n\t\t\t\t<div class=\"elementor-element elementor-element-46f1ea5 elementor-widget elementor-widget-text-editor\" data-id=\"46f1ea5\" data-element_type=\"widget\" data-widget_type=\"text-editor.default\">\n\t\t\t\t<div class=\"elementor-widget-container\">\n\t\t\t\t\t\t\t<p>El usuario reconoce y acepta que todos los derechos de propiedad industrial e intelectual sobre los contenidos y\/o cualesquiera otros elementos insertados por Real Home Puig SL en el presente Sitio Web (incluyendo, a t\u00edtulo meramente enunciativo y no limitativo, todos aquellos elementos que conforman la apariencia visual, imagen gr\u00e1fica y otros est\u00edmulos sensoriales del sitio web o \u00ablook and feel\u00bb: marcas, logotipos, nombres comerciales, textos, im\u00e1genes, gr\u00e1ficos, dise\u00f1os, sonidos, bases de datos, software, diagramas de flujo, presentaci\u00f3n, arquitectura de navegaci\u00f3n, as\u00ed como los c\u00f3digos fuente de las p\u00e1ginas web) pertenecen a Real Home Puig SL y\/o a terceros a los cuales les han cedido sus derechos. A tales efectos, se entender\u00e1 como Sitio Web todas aquellas creaciones incorporadas y expresadas por Real Home Puig SL por cualquier medio y\/o soporte tangible o intangible, conocido o por conocer, que sean objeto de protecci\u00f3n por las disposiciones de las normativas vigentes en materia de propiedad intelectual e industrial.<\/p><p>En ning\u00fan caso el acceso al Sitio Web implica alg\u00fan tipo de permiso, renuncia, transmisi\u00f3n, licencia o cesi\u00f3n total ni parcial de dichos derechos por parte de sus titulares, salvo que se establezca expresamente lo contrario. Los presentes t\u00e9rminos y condiciones de uso del Sitio Web no confieren a los USUARIOS ning\u00fan otro derecho de utilizaci\u00f3n, alteraci\u00f3n, explotaci\u00f3n, reproducci\u00f3n, distribuci\u00f3n o comunicaci\u00f3n p\u00fablica del Sitio Web y\/o de sus contenidos distintos de los aqu\u00ed expresamente previstos.<\/p><p>Queda terminantemente prohibida la utilizaci\u00f3n de tales elementos, su total o parcial reproducci\u00f3n, comunicaci\u00f3n y\/o distribuci\u00f3n con fines comerciales o lucrativos, as\u00ed como su modificaci\u00f3n, alteraci\u00f3n, descompilaci\u00f3n y\/o cualquier otro acto de explotaci\u00f3n del Sitio Web.<\/p><p>Sin perjuicio de todo lo anterior, si el Usuario o un tercero estima que alg\u00fan contenido del Sitio Web pudiera vulnerar derechos de propiedad intelectual e industrial, rogamos as\u00ed lo pongan en nuestro conocimiento a la mayor brevedad posible, remitiendo un correo electr\u00f3nico a la direcci\u00f3n <a href=\"mailto:mpuchades@hotmail.com\">mpuchades@hotmail.com<\/a><\/p>\t\t\t\t\t\t<\/div>\n\t\t\t\t<\/div>\n\t\t\t\t\t<\/div>\n\t\t\t\t<\/div>\n\t\t<div class=\"elementor-element elementor-element-70964d7 e-flex e-con-boxed e-con e-parent\" data-id=\"70964d7\" data-element_type=\"container\">\n\t\t\t\t\t<div class=\"e-con-inner\">\n\t\t\t\t<div class=\"elementor-element elementor-element-b2e2db0 elementor-widget elementor-widget-heading\" data-id=\"b2e2db0\" data-element_type=\"widget\" data-widget_type=\"heading.default\">\n\t\t\t\t<div class=\"elementor-widget-container\">\n\t\t\t<h2 class=\"elementor-heading-title elementor-size-default\">3. Privacidad Y Protecci\u00f3n De Datos<\/h2>\t\t<\/div>\n\t\t\t\t<\/div>\n\t\t\t\t\t<\/div>\n\t\t\t\t<\/div>\n\t\t<div class=\"elementor-element elementor-element-20341ba e-flex e-con-boxed e-con e-parent\" data-id=\"20341ba\" data-element_type=\"container\">\n\t\t\t\t\t<div class=\"e-con-inner\">\n\t\t\t\t<div class=\"elementor-element elementor-element-bbcad88 elementor-widget elementor-widget-text-editor\" data-id=\"bbcad88\" data-element_type=\"widget\" data-widget_type=\"text-editor.default\">\n\t\t\t\t<div class=\"elementor-widget-container\">\n\t\t\t\t\t\t\t<p>Consulta nuestra pol\u00edtica de privacidad en\u00a0<strong><a href=\"https:\/\/inkapetshop.com\/politica-privacidad\/\">este enlace<\/a><\/strong>.<\/p>\t\t\t\t\t\t<\/div>\n\t\t\t\t<\/div>\n\t\t\t\t\t<\/div>\n\t\t\t\t<\/div>\n\t\t<div class=\"elementor-element elementor-element-a01d976 e-flex e-con-boxed e-con e-parent\" data-id=\"a01d976\" data-element_type=\"container\">\n\t\t\t\t\t<div class=\"e-con-inner\">\n\t\t\t\t<div class=\"elementor-element elementor-element-a3ae793 elementor-widget elementor-widget-heading\" data-id=\"a3ae793\" data-element_type=\"widget\" data-widget_type=\"heading.default\">\n\t\t\t\t<div class=\"elementor-widget-container\">\n\t\t\t<h2 class=\"elementor-heading-title elementor-size-default\">4. Acceso Y Uso Del Sitio Web<\/h2>\t\t<\/div>\n\t\t\t\t<\/div>\n\t\t\t\t\t<\/div>\n\t\t\t\t<\/div>\n\t\t<div class=\"elementor-element elementor-element-0516b8c e-flex e-con-boxed e-con e-parent\" data-id=\"0516b8c\" data-element_type=\"container\">\n\t\t\t\t\t<div class=\"e-con-inner\">\n\t\t\t\t<div class=\"elementor-element elementor-element-78fc1bb elementor-widget elementor-widget-text-editor\" data-id=\"78fc1bb\" data-element_type=\"widget\" data-widget_type=\"text-editor.default\">\n\t\t\t\t<div class=\"elementor-widget-container\">\n\t\t\t\t\t\t\t<p>Tanto el acceso al Sitio Web como el uso no consentido que pueda efectuarse de la informaci\u00f3n contenida en el mismo es de la exclusiva responsabilidad de quien lo realiza.<\/p><p>El usuario se compromete a utilizar los contenidos, informaci\u00f3n y datos del Sitio Web de conformidad con las presentes condiciones, t\u00e9rminos y pol\u00edticas, con la normativa de aplicaci\u00f3n y con las buenas costumbres generalmente aceptadas y el orden p\u00fablico.<\/p><p>El usuario se obliga a abstenerse de utilizar los contenidos del Sitio Web con fines o efectos il\u00edcitos, prohibidos o contrarios a los aqu\u00ed establecidos, lesivos de los derechos e intereses de Real Home Puig SL, de los dem\u00e1s usuarios, de terceros o que de cualquier forma puedan da\u00f1ar, inutilizar, sobrecargar o deteriorar el presente Sitio Web o impedir la normal utilizaci\u00f3n o disfrute del mismo por parte de los usuarios.<\/p><p>Real Home Puig SL no responder\u00e1 de ninguna consecuencia, da\u00f1o o perjuicio que pudiera derivarse de dicho acceso o uso o del incumplimiento de las presentes condiciones, t\u00e9rminos y pol\u00edticas ni se har\u00e1 responsable de los errores de seguridad que se puedan producir ni de los da\u00f1os que puedan causarse al sistema inform\u00e1tico del usuario (hardware y software) o a los ficheros o documentos almacenados en el mismo como consecuencia de: (i) la presencia de un virus en el ordenador del usuario que sea utilizado para la conexi\u00f3n a los servicios y\/o productos ofrecidos por Real Home Puig SL a trav\u00e9s de su Sitio Web; (ii) un mal funcionamiento del navegador; (iii) el uso de versiones no actualizadas del mismo.<\/p>\t\t\t\t\t\t<\/div>\n\t\t\t\t<\/div>\n\t\t\t\t\t<\/div>\n\t\t\t\t<\/div>\n\t\t<div class=\"elementor-element elementor-element-f9c718f e-flex e-con-boxed e-con e-parent\" data-id=\"f9c718f\" data-element_type=\"container\">\n\t\t\t\t\t<div class=\"e-con-inner\">\n\t\t\t\t<div class=\"elementor-element elementor-element-6ccb215 elementor-widget elementor-widget-heading\" data-id=\"6ccb215\" data-element_type=\"widget\" data-widget_type=\"heading.default\">\n\t\t\t\t<div class=\"elementor-widget-container\">\n\t\t\t<h2 class=\"elementor-heading-title elementor-size-default\">5. Enlaces A Terceros<\/h2>\t\t<\/div>\n\t\t\t\t<\/div>\n\t\t\t\t\t<\/div>\n\t\t\t\t<\/div>\n\t\t<div class=\"elementor-element elementor-element-5c69815 e-flex e-con-boxed e-con e-parent\" data-id=\"5c69815\" data-element_type=\"container\">\n\t\t\t\t\t<div class=\"e-con-inner\">\n\t\t\t\t<div class=\"elementor-element elementor-element-c806883 elementor-widget elementor-widget-text-editor\" data-id=\"c806883\" data-element_type=\"widget\" data-widget_type=\"text-editor.default\">\n\t\t\t\t<div class=\"elementor-widget-container\">\n\t\t\t\t\t\t\t<p>En el presente Sitio Web se pueden utilizar enlaces con otras p\u00e1ginas o sitios web. Inka Pet Shop \u00a0no se responsabiliza ni del contenido ni de las medidas de seguridad adoptadas por cualquier otra p\u00e1gina o sitio web a trav\u00e9s del cual se tiene acceso desde el presente Sitio Web, sitios a los que accede el interesado bajo su exclusiva responsabilidad.<\/p><p>Asimismo, tampoco se garantiza la ausencia de virus u otros elementos en los contenidos enlazados desde el Sitio Web de Inka Pet Shop que puedan producir alteraciones en el sistema inform\u00e1tico (hardware y software) y\/o en los documentos o los ficheros del Usuario, excluyendo asimismo a Inka Pet Shop de toda responsabilidad derivada de los da\u00f1os de cualquier \u00edndole ocasionados por todo lo anterior.<\/p>\t\t\t\t\t\t<\/div>\n\t\t\t\t<\/div>\n\t\t\t\t\t<\/div>\n\t\t\t\t<\/div>\n\t\t<div class=\"elementor-element elementor-element-c08bb55 e-flex e-con-boxed e-con e-parent\" data-id=\"c08bb55\" data-element_type=\"container\">\n\t\t\t\t\t<div class=\"e-con-inner\">\n\t\t\t\t<div class=\"elementor-element elementor-element-b56acc4 elementor-widget elementor-widget-heading\" data-id=\"b56acc4\" data-element_type=\"widget\" data-widget_type=\"heading.default\">\n\t\t\t\t<div class=\"elementor-widget-container\">\n\t\t\t<h2 class=\"elementor-heading-title elementor-size-default\">6. Redes Sociales<\/h2>\t\t<\/div>\n\t\t\t\t<\/div>\n\t\t\t\t\t<\/div>\n\t\t\t\t<\/div>\n\t\t<div class=\"elementor-element elementor-element-d32e3de e-flex e-con-boxed e-con e-parent\" data-id=\"d32e3de\" data-element_type=\"container\">\n\t\t\t\t\t<div class=\"e-con-inner\">\n\t\t\t\t<div class=\"elementor-element elementor-element-969d7b6 elementor-widget elementor-widget-text-editor\" data-id=\"969d7b6\" data-element_type=\"widget\" data-widget_type=\"text-editor.default\">\n\t\t\t\t<div class=\"elementor-widget-container\">\n\t\t\t\t\t\t\t<p>Le informamos que Real Home Puig SL est\u00e1 presente en redes sociales. El tratamiento de los datos que se lleve a cabo de las personas que se hagan seguidoras en las redes sociales (y\/o realicen cualquier v\u00ednculo o acci\u00f3n de conexi\u00f3n a trav\u00e9s de las redes sociales) de las p\u00e1ginas oficiales de Real Home Puig SL se regir\u00e1 por este apartado, as\u00ed como por aquellas condiciones de uso, pol\u00edticas de privacidad y normativas de acceso que pertenezcan a la red social que proceda en cada caso y aceptadas previamente por el usuario.<\/p><p>Real Home Puig SL tratar\u00e1 sus datos con las finalidades de administrar correctamente su presencia en la red social, inform\u00e1ndole de actividades productos o servicios de Real Home Puig SL, as\u00ed como para cualquier otra finalidad que las normativas de las Redes Sociales permitan.<\/p>\t\t\t\t\t\t<\/div>\n\t\t\t\t<\/div>\n\t\t\t\t\t<\/div>\n\t\t\t\t<\/div>\n\t\t<div class=\"elementor-element elementor-element-c3f560c e-flex e-con-boxed e-con e-parent\" data-id=\"c3f560c\" data-element_type=\"container\">\n\t\t\t\t\t<div class=\"e-con-inner\">\n\t\t\t\t<div class=\"elementor-element elementor-element-40a99c7 elementor-widget elementor-widget-heading\" data-id=\"40a99c7\" data-element_type=\"widget\" data-widget_type=\"heading.default\">\n\t\t\t\t<div class=\"elementor-widget-container\">\n\t\t\t<h2 class=\"elementor-heading-title elementor-size-default\">6. Modificaci\u00f3n De Los T\u00e9rminos Y Condiciones De Uso, Pol\u00edtica De Privacidad Y De Protecci\u00f3n De Datos.<\/h2>\t\t<\/div>\n\t\t\t\t<\/div>\n\t\t\t\t\t<\/div>\n\t\t\t\t<\/div>\n\t\t<div class=\"elementor-element elementor-element-2e3208c e-flex e-con-boxed e-con e-parent\" data-id=\"2e3208c\" data-element_type=\"container\">\n\t\t\t\t\t<div class=\"e-con-inner\">\n\t\t\t\t<div class=\"elementor-element elementor-element-b44bd2f elementor-widget elementor-widget-text-editor\" data-id=\"b44bd2f\" data-element_type=\"widget\" data-widget_type=\"text-editor.default\">\n\t\t\t\t<div class=\"elementor-widget-container\">\n\t\t\t\t\t\t\t<p>El Responsable del Fichero se reserva el derecho a modificar en todo momento y sin previo aviso las presentes condiciones, t\u00e9rminos y pol\u00edticas de privacidad para adaptarlas a las novedades legislativas o jurisprudenciales as\u00ed como a las modificaciones o pr\u00e1cticas de la industria, debiendo el usuario consultar peri\u00f3dicamente las presentes condiciones, t\u00e9rminos y pol\u00edticas a fin de comprobar o cercionarse de la existencia de cambios en las mismas, tomando como referencia la fecha de la \u00faltima actualizaci\u00f3n.<\/p>\t\t\t\t\t\t<\/div>\n\t\t\t\t<\/div>\n\t\t\t\t\t<\/div>\n\t\t\t\t<\/div>\n\t\t\t\t<\/div>","protected":false},"excerpt":{"rendered":"<p>1. Informaci\u00f3n Corporativa Y Actividad En virtud de las obligaciones establecidas por la Ley 34\/2002, de Servicios de la Sociedad de la Informaci\u00f3n y de Comercio Electr\u00f3nico el presente sitio web es propiedad Real Home Puig SL , con B42678979 y con domicilio en Carrer de les Palmeres 2, 46703 (Valencia) El tel\u00e9fono de contacto&#8230;<\/p>","protected":false},"author":1,"featured_media":0,"parent":0,"menu_order":0,"comment_status":"closed","ping_status":"closed","template":"","meta":{"_tbt_post_transparent":"","_tbt_post_title":"hide","_tbt_post_layout":"fullwidth","_tbt_post_sidebar_id":"","_tbt_post_content_style":"unboxed","_tbt_post_vertical_padding":"hide","_tbt_post_feature":"hide","_tbt_post_feature_position":"","_tbt_post_header":false,"_tbt_post_footer":false,"footnotes":""},"yoast_head":"<!-- This site is optimized with the Yoast SEO plugin v21.5 - https:\/\/yoast.com\/wordpress\/plugins\/seo\/ -->\n<title>Aviso Legal - Puchades Studio<\/title>\n<meta name=\"robots\" content=\"index, follow, max-snippet:-1, max-image-preview:large, max-video-preview:-1\" \/>\n<link rel=\"canonical\" href=\"https:\/\/puchadesstudio.es\/nl\/aviso-legal\/\" \/>\n<meta property=\"og:locale\" content=\"nl_BE\" \/>\n<meta property=\"og:type\" content=\"article\" \/>\n<meta property=\"og:title\" content=\"Aviso Legal - Puchades Studio\" \/>\n<meta property=\"og:description\" content=\"1. Informaci\u00f3n Corporativa Y Actividad En virtud de las obligaciones establecidas por la Ley 34\/2002, de Servicios de la Sociedad de la Informaci\u00f3n y de Comercio Electr\u00f3nico el presente sitio web es propiedad Real Home Puig SL , con B42678979 y con domicilio en Carrer de les Palmeres 2, 46703 (Valencia) El tel\u00e9fono de contacto...\" \/>\n<meta property=\"og:url\" content=\"https:\/\/puchadesstudio.es\/nl\/aviso-legal\/\" \/>\n<meta property=\"og:site_name\" content=\"Puchades Studio\" \/>\n<meta property=\"article:modified_time\" content=\"2023-10-25T08:15:32+00:00\" \/>\n<meta name=\"twitter:card\" content=\"summary_large_image\" \/>\n<meta name=\"twitter:label1\" content=\"Geschatte leestijd\" \/>\n\t<meta name=\"twitter:data1\" content=\"6 minuten\" \/>\n<script type=\"application\/ld+json\" class=\"yoast-schema-graph\">{\"@context\":\"https:\/\/schema.org\",\"@graph\":[{\"@type\":\"WebPage\",\"@id\":\"https:\/\/puchadesstudio.es\/aviso-legal\/\",\"url\":\"https:\/\/puchadesstudio.es\/aviso-legal\/\",\"name\":\"Aviso Legal - Puchades Studio\",\"isPartOf\":{\"@id\":\"https:\/\/puchadesstudio.es\/#website\"},\"datePublished\":\"2023-10-19T08:50:49+00:00\",\"dateModified\":\"2023-10-25T08:15:32+00:00\",\"breadcrumb\":{\"@id\":\"https:\/\/puchadesstudio.es\/aviso-legal\/#breadcrumb\"},\"inLanguage\":\"nl-BE\",\"potentialAction\":[{\"@type\":\"ReadAction\",\"target\":[\"https:\/\/puchadesstudio.es\/aviso-legal\/\"]}]},{\"@type\":\"BreadcrumbList\",\"@id\":\"https:\/\/puchadesstudio.es\/aviso-legal\/#breadcrumb\",\"itemListElement\":[{\"@type\":\"ListItem\",\"position\":1,\"name\":\"Portada\",\"item\":\"https:\/\/puchadesstudio.es\/\"},{\"@type\":\"ListItem\",\"position\":2,\"name\":\"Aviso Legal\"}]},{\"@type\":\"WebSite\",\"@id\":\"https:\/\/puchadesstudio.es\/#website\",\"url\":\"https:\/\/puchadesstudio.es\/\",\"name\":\"Puchades Studio\",\"description\":\"\",\"publisher\":{\"@id\":\"https:\/\/puchadesstudio.es\/#organization\"},\"potentialAction\":[{\"@type\":\"SearchAction\",\"target\":{\"@type\":\"EntryPoint\",\"urlTemplate\":\"https:\/\/puchadesstudio.es\/?s={search_term_string}\"},\"query-input\":\"required name=search_term_string\"}],\"inLanguage\":\"nl-BE\"},{\"@type\":\"Organization\",\"@id\":\"https:\/\/puchadesstudio.es\/#organization\",\"name\":\"Puchades Studio\",\"url\":\"https:\/\/puchadesstudio.es\/\",\"logo\":{\"@type\":\"ImageObject\",\"inLanguage\":\"nl-BE\",\"@id\":\"https:\/\/puchadesstudio.es\/#\/schema\/logo\/image\/\",\"url\":\"https:\/\/puchadesstudio.es\/wp-content\/uploads\/2023\/10\/cropped-cropped-LogoGris.png\",\"contentUrl\":\"https:\/\/puchadesstudio.es\/wp-content\/uploads\/2023\/10\/cropped-cropped-LogoGris.png\",\"width\":544,\"height\":461,\"caption\":\"Puchades Studio\"},\"image\":{\"@id\":\"https:\/\/puchadesstudio.es\/#\/schema\/logo\/image\/\"}}]}<\/script>\n<!-- \/ Yoast SEO plugin. -->","yoast_head_json":{"title":"Aviso Legal - Puchades Studio","robots":{"index":"index","follow":"follow","max-snippet":"max-snippet:-1","max-image-preview":"max-image-preview:large","max-video-preview":"max-video-preview:-1"},"canonical":"https:\/\/puchadesstudio.es\/nl\/aviso-legal\/","og_locale":"nl_BE","og_type":"article","og_title":"Aviso Legal - Puchades Studio","og_description":"1. Informaci\u00f3n Corporativa Y Actividad En virtud de las obligaciones establecidas por la Ley 34\/2002, de Servicios de la Sociedad de la Informaci\u00f3n y de Comercio Electr\u00f3nico el presente sitio web es propiedad Real Home Puig SL , con B42678979 y con domicilio en Carrer de les Palmeres 2, 46703 (Valencia) El tel\u00e9fono de contacto...","og_url":"https:\/\/puchadesstudio.es\/nl\/aviso-legal\/","og_site_name":"Puchades Studio","article_modified_time":"2023-10-25T08:15:32+00:00","twitter_card":"summary_large_image","twitter_misc":{"Geschatte leestijd":"6 minuten"},"schema":{"@context":"https:\/\/schema.org","@graph":[{"@type":"WebPage","@id":"https:\/\/puchadesstudio.es\/aviso-legal\/","url":"https:\/\/puchadesstudio.es\/aviso-legal\/","name":"Aviso Legal - Puchades Studio","isPartOf":{"@id":"https:\/\/puchadesstudio.es\/#website"},"datePublished":"2023-10-19T08:50:49+00:00","dateModified":"2023-10-25T08:15:32+00:00","breadcrumb":{"@id":"https:\/\/puchadesstudio.es\/aviso-legal\/#breadcrumb"},"inLanguage":"nl-BE","potentialAction":[{"@type":"ReadAction","target":["https:\/\/puchadesstudio.es\/aviso-legal\/"]}]},{"@type":"BreadcrumbList","@id":"https:\/\/puchadesstudio.es\/aviso-legal\/#breadcrumb","itemListElement":[{"@type":"ListItem","position":1,"name":"Portada","item":"https:\/\/puchadesstudio.es\/"},{"@type":"ListItem","position":2,"name":"Aviso Legal"}]},{"@type":"WebSite","@id":"https:\/\/puchadesstudio.es\/#website","url":"https:\/\/puchadesstudio.es\/","name":"Puchades Studio","description":"","publisher":{"@id":"https:\/\/puchadesstudio.es\/#organization"},"potentialAction":[{"@type":"SearchAction","target":{"@type":"EntryPoint","urlTemplate":"https:\/\/puchadesstudio.es\/?s={search_term_string}"},"query-input":"required name=search_term_string"}],"inLanguage":"nl-BE"},{"@type":"Organization","@id":"https:\/\/puchadesstudio.es\/#organization","name":"Puchades Studio","url":"https:\/\/puchadesstudio.es\/","logo":{"@type":"ImageObject","inLanguage":"nl-BE","@id":"https:\/\/puchadesstudio.es\/#\/schema\/logo\/image\/","url":"https:\/\/puchadesstudio.es\/wp-content\/uploads\/2023\/10\/cropped-cropped-LogoGris.png","contentUrl":"https:\/\/puchadesstudio.es\/wp-content\/uploads\/2023\/10\/cropped-cropped-LogoGris.png","width":544,"height":461,"caption":"Puchades Studio"},"image":{"@id":"https:\/\/puchadesstudio.es\/#\/schema\/logo\/image\/"}}]}},"_links":{"self":[{"href":"https:\/\/puchadesstudio.es\/nl\/wp-json\/wp\/v2\/pages\/11863"}],"collection":[{"href":"https:\/\/puchadesstudio.es\/nl\/wp-json\/wp\/v2\/pages"}],"about":[{"href":"https:\/\/puchadesstudio.es\/nl\/wp-json\/wp\/v2\/types\/page"}],"author":[{"embeddable":true,"href":"https:\/\/puchadesstudio.es\/nl\/wp-json\/wp\/v2\/users\/1"}],"replies":[{"embeddable":true,"href":"https:\/\/puchadesstudio.es\/nl\/wp-json\/wp\/v2\/comments?post=11863"}],"version-history":[{"count":16,"href":"https:\/\/puchadesstudio.es\/nl\/wp-json\/wp\/v2\/pages\/11863\/revisions"}],"predecessor-version":[{"id":11890,"href":"https:\/\/puchadesstudio.es\/nl\/wp-json\/wp\/v2\/pages\/11863\/revisions\/11890"}],"wp:attachment":[{"href":"https:\/\/puchadesstudio.es\/nl\/wp-json\/wp\/v2\/media?parent=11863"}],"curies":[{"name":"wp","href":"https:\/\/api.w.org\/{rel}","templated":true}]}}