{"id":12757,"date":"2024-08-26T07:58:46","date_gmt":"2024-08-26T07:58:46","guid":{"rendered":"https:\/\/puchadesstudio.es\/?page_id=12757"},"modified":"2024-10-30T13:33:38","modified_gmt":"2024-10-30T13:33:38","slug":"salud","status":"publish","type":"page","link":"https:\/\/puchadesstudio.es\/nl\/salud\/","title":{"rendered":"Salud"},"content":{"rendered":"<div data-elementor-type=\"wp-page\" data-elementor-id=\"12757\" class=\"elementor elementor-12757\">\n\t\t\t\t<div class=\"elementor-element elementor-element-c9493ab e-con-full e-flex e-con e-parent\" data-id=\"c9493ab\" data-element_type=\"container\">\n\t\t\t\t<div class=\"elementor-element elementor-element-3aba67f elementor-grid-1 elementor-grid-tablet-2 elementor-grid-mobile-1 elementor-widget elementor-widget-pp-posts\" data-id=\"3aba67f\" data-element_type=\"widget\" data-widget_type=\"pp-posts.portfolio\">\n\t\t\t\t<div class=\"elementor-widget-container\">\n\t\t\t\t\t<div class=\"pp-posts-container\">\n\t\t\t\n\t\t\t\t\t\t\t\t\t\t\n\t\t\t<div class=\"pp-posts pp-posts-skin-portfolio elementor-grid pp-posts-grid\" data-query-type=\"custom\" data-layout=\"grid\" data-page=\"12757\" data-skin=\"portfolio\">\n\t\t\t\t\t\t\t\t\t\t\t<div class=\"pp-post-wrap pp-grid-item-wrap elementor-grid-item post-12979 post type-post status-publish format-standard has-post-thumbnail hentry category-salud\">\n\t\t\t\t\t\t<div class=\"pp-post pp-grid-item\">\n\t\t\t\t\t\t<div class=\"pp-post-thumbnail\">\n\t\t\t<a class=\"pp-post-thumbnail-wrap\" href=\"https:\/\/puchadesstudio.es\/nl\/2024\/08\/29\/clinica-xativa\/\" target=\"_blank\" title=\"Oogkliniek X\u00e0tiva\">\n\t\t\t\t<img fetchpriority=\"high\" decoding=\"async\" width=\"1600\" height=\"900\" src=\"https:\/\/puchadesstudio.es\/wp-content\/uploads\/2024\/08\/IMG-20240829-WA0046.jpg\" class=\"attachment-full size-full wp-image-13020\" alt=\"\" srcset=\"https:\/\/puchadesstudio.es\/wp-content\/uploads\/2024\/08\/IMG-20240829-WA0046.jpg 1600w, https:\/\/puchadesstudio.es\/wp-content\/uploads\/2024\/08\/IMG-20240829-WA0046-300x169.jpg 300w, https:\/\/puchadesstudio.es\/wp-content\/uploads\/2024\/08\/IMG-20240829-WA0046-1024x576.jpg 1024w, https:\/\/puchadesstudio.es\/wp-content\/uploads\/2024\/08\/IMG-20240829-WA0046-768x432.jpg 768w, https:\/\/puchadesstudio.es\/wp-content\/uploads\/2024\/08\/IMG-20240829-WA0046-1536x864.jpg 1536w\" sizes=\"(max-width: 1600px) 100vw, 1600px\" \/>\t\t\t<\/a>\n\t\t<\/div>\n\t\t\n\t\t\t\t\n\t\t\t\t<div class=\"pp-post-content-wrap\">\n\t\t\t\t\t<div class=\"pp-post-content\">\n\t\t\t\t\t\t\t\t\t\t\t\t<h2 class=\"pp-post-title\">\n\t\t\t\t<a href=\"https:\/\/puchadesstudio.es\/nl\/2024\/08\/29\/clinica-xativa\/\">Oogkliniek X\u00e0tiva<\/a>\t\t\t<\/h2>\n\t\t\t\t\t\t\t<div class=\"pp-post-excerpt\">\n\t\t\t<p>RENOVACIONES RECIENTES Las \u00faltimas reformas en nuestras sucursales han incluido toques elegantes y modernos, dise\u00f1ados para proporcionar un ambiente acogedor ...<\/p>\n\t\t<\/div>\n\t\t\t\t\t\t\t\t\t<\/div>\n\t\t\t\t\t\t\t\t\t<\/div>\n\n\t\t\t\t\t\t\t<\/div>\n\t\t\t\t\t<\/div>\n\t\t\t\t<div class=\"pp-post-wrap pp-grid-item-wrap elementor-grid-item post-12976 post type-post status-publish format-standard has-post-thumbnail hentry category-salud\">\n\t\t\t\t\t\t<div class=\"pp-post pp-grid-item\">\n\t\t\t\t\t\t<div class=\"pp-post-thumbnail\">\n\t\t\t<a class=\"pp-post-thumbnail-wrap\" href=\"https:\/\/puchadesstudio.es\/nl\/2024\/08\/29\/clinica-ondara\/\" target=\"_blank\" title=\"Tandheelkundige Kliniek Ondara\">\n\t\t\t\t<img decoding=\"async\" width=\"1536\" height=\"2048\" src=\"https:\/\/puchadesstudio.es\/wp-content\/uploads\/2024\/08\/IMG-20240829-WA0065.jpg\" class=\"attachment-full size-full wp-image-13091\" alt=\"\" srcset=\"https:\/\/puchadesstudio.es\/wp-content\/uploads\/2024\/08\/IMG-20240829-WA0065.jpg 1536w, https:\/\/puchadesstudio.es\/wp-content\/uploads\/2024\/08\/IMG-20240829-WA0065-225x300.jpg 225w, https:\/\/puchadesstudio.es\/wp-content\/uploads\/2024\/08\/IMG-20240829-WA0065-768x1024.jpg 768w, https:\/\/puchadesstudio.es\/wp-content\/uploads\/2024\/08\/IMG-20240829-WA0065-1152x1536.jpg 1152w\" sizes=\"(max-width: 1536px) 100vw, 1536px\" \/>\t\t\t<\/a>\n\t\t<\/div>\n\t\t\n\t\t\t\t\n\t\t\t\t<div class=\"pp-post-content-wrap\">\n\t\t\t\t\t<div class=\"pp-post-content\">\n\t\t\t\t\t\t\t\t\t\t\t\t<h2 class=\"pp-post-title\">\n\t\t\t\t<a href=\"https:\/\/puchadesstudio.es\/nl\/2024\/08\/29\/clinica-ondara\/\">Tandheelkundige Kliniek Ondara<\/a>\t\t\t<\/h2>\n\t\t\t\t\t\t\t<div class=\"pp-post-excerpt\">\n\t\t\t<p>RENOVACIONES RECIENTES Las\u00a0\u00faltimas reformas en nuestras sucursales han incluido toques elegantes y modernos, dise\u00f1ados para proporcionar un ambiente acogedor y ...<\/p>\n\t\t<\/div>\n\t\t\t\t\t\t\t\t\t<\/div>\n\t\t\t\t\t\t\t\t\t<\/div>\n\n\t\t\t\t\t\t\t<\/div>\n\t\t\t\t\t<\/div>\n\t\t\t\t\t\t\t\t\t<\/div>\n\t\t\t\n\t\t\t\n\t\t\t\n\t\t\t\n\t\t\t\t\t\t\t\t\t\t\t\t<\/div>\n\n\t\t\n\t\t\t\t<\/div>\n\t\t\t\t<\/div>\n\t\t\t\t<\/div>\n\t\t<div class=\"elementor-element elementor-element-99b814f e-flex e-con-boxed e-con e-parent\" data-id=\"99b814f\" data-element_type=\"container\">\n\t\t\t\t\t<div class=\"e-con-inner\">\n\t\t<div class=\"elementor-element elementor-element-5943e47 e-con-full e-flex e-con e-child\" data-id=\"5943e47\" data-element_type=\"container\">\n\t\t<div class=\"elementor-element elementor-element-05dc15e e-con-full e-flex e-con e-child\" data-id=\"05dc15e\" data-element_type=\"container\">\n\t\t\t\t<div class=\"elementor-element elementor-element-bc2991c elementor-align-center elementor-widget elementor-widget-button\" data-id=\"bc2991c\" data-element_type=\"widget\" data-widget_type=\"button.default\">\n\t\t\t\t<div class=\"elementor-widget-container\">\n\t\t\t\t\t\t\t<div class=\"elementor-button-wrapper\">\n\t\t\t\t\t<a class=\"elementor-button elementor-button-link elementor-size-sm elementor-animation-grow\" href=\"https:\/\/puchadesstudio.es\/nl\/villas\/\">\n\t\t\t\t\t\t<span class=\"elementor-button-content-wrapper\">\n\t\t\t\t\t\t<span class=\"elementor-button-icon\">\n\t\t\t\t<i aria-hidden=\"true\" class=\"fas fa-house-user\"><\/i>\t\t\t<\/span>\n\t\t\t\t\t\t\t\t\t<span class=\"elementor-button-text\">Villa &#039; s<\/span>\n\t\t\t\t\t<\/span>\n\t\t\t\t\t<\/a>\n\t\t\t\t<\/div>\n\t\t\t\t\t\t<\/div>\n\t\t\t\t<\/div>\n\t\t\t\t<\/div>\n\t\t<div class=\"elementor-element elementor-element-aabc962 e-con-full e-flex e-con e-child\" data-id=\"aabc962\" data-element_type=\"container\">\n\t\t\t\t<div class=\"elementor-element elementor-element-a8743f7 elementor-align-center elementor-widget elementor-widget-button\" data-id=\"a8743f7\" data-element_type=\"widget\" data-widget_type=\"button.default\">\n\t\t\t\t<div class=\"elementor-widget-container\">\n\t\t\t\t\t\t\t<div class=\"elementor-button-wrapper\">\n\t\t\t\t\t<a class=\"elementor-button elementor-button-link elementor-size-sm elementor-animation-grow\" href=\"https:\/\/puchadesstudio.es\/nl\/franquicias\/\">\n\t\t\t\t\t\t<span class=\"elementor-button-content-wrapper\">\n\t\t\t\t\t\t<span class=\"elementor-button-icon\">\n\t\t\t\t<i aria-hidden=\"true\" class=\"far fa-hospital\"><\/i>\t\t\t<\/span>\n\t\t\t\t\t\t\t\t\t<span class=\"elementor-button-text\">Franchises<\/span>\n\t\t\t\t\t<\/span>\n\t\t\t\t\t<\/a>\n\t\t\t\t<\/div>\n\t\t\t\t\t\t<\/div>\n\t\t\t\t<\/div>\n\t\t\t\t<\/div>\n\t\t\t\t<\/div>\n\t\t\t\t\t<\/div>\n\t\t\t\t<\/div>\n\t\t\t\t<\/div>","protected":false},"excerpt":{"rendered":"<p>Cl\u00ednica Oftalmol\u00f3gica X\u00e0tiva Clinica Oftalmol\u00f3gica X\u00e0tiva RENOVACIONES RECIENTES Las \u00daltimas Reformas En Nuestras Sucursales Han Incluido Toques&#8230;<\/p>","protected":false},"author":1,"featured_media":0,"parent":0,"menu_order":0,"comment_status":"closed","ping_status":"closed","template":"","meta":{"_tbt_post_transparent":"","_tbt_post_title":"hide","_tbt_post_layout":"fullwidth","_tbt_post_sidebar_id":"","_tbt_post_content_style":"unboxed","_tbt_post_vertical_padding":"hide","_tbt_post_feature":"hide","_tbt_post_feature_position":"","_tbt_post_header":false,"_tbt_post_footer":false,"footnotes":""},"yoast_head":"<!-- This site is optimized with the Yoast SEO plugin v21.5 - https:\/\/yoast.com\/wordpress\/plugins\/seo\/ -->\n<title>Centros Salud - Puchades Studio<\/title>\n<meta name=\"robots\" content=\"index, follow, max-snippet:-1, max-image-preview:large, max-video-preview:-1\" \/>\n<link rel=\"canonical\" href=\"https:\/\/puchadesstudio.es\/nl\/salud\/\" \/>\n<meta property=\"og:locale\" content=\"nl_BE\" \/>\n<meta property=\"og:type\" content=\"article\" \/>\n<meta property=\"og:title\" content=\"Centros Salud - Puchades Studio\" \/>\n<meta property=\"og:description\" content=\"Cl\u00ednica Oftalmol\u00f3gica X\u00e0tiva Clinica Oftalmol\u00f3gica X\u00e0tiva RENOVACIONES RECIENTES Las \u00daltimas Reformas En Nuestras Sucursales Han Incluido Toques...\" \/>\n<meta property=\"og:url\" content=\"https:\/\/puchadesstudio.es\/nl\/salud\/\" \/>\n<meta property=\"og:site_name\" content=\"Puchades Studio\" \/>\n<meta property=\"article:modified_time\" content=\"2024-10-30T13:33:38+00:00\" \/>\n<meta property=\"og:image\" content=\"https:\/\/puchadesstudio.es\/wp-content\/uploads\/2024\/08\/IMG-20240829-WA0046.jpg\" \/>\n<meta name=\"twitter:card\" content=\"summary_large_image\" \/>\n<meta name=\"twitter:label1\" content=\"Geschatte leestijd\" \/>\n\t<meta name=\"twitter:data1\" content=\"1 minuut\" \/>\n<script type=\"application\/ld+json\" class=\"yoast-schema-graph\">{\"@context\":\"https:\/\/schema.org\",\"@graph\":[{\"@type\":\"WebPage\",\"@id\":\"https:\/\/puchadesstudio.es\/salud\/\",\"url\":\"https:\/\/puchadesstudio.es\/salud\/\",\"name\":\"Centros Salud - Puchades Studio\",\"isPartOf\":{\"@id\":\"https:\/\/puchadesstudio.es\/#website\"},\"datePublished\":\"2024-08-26T07:58:46+00:00\",\"dateModified\":\"2024-10-30T13:33:38+00:00\",\"breadcrumb\":{\"@id\":\"https:\/\/puchadesstudio.es\/salud\/#breadcrumb\"},\"inLanguage\":\"nl-BE\",\"potentialAction\":[{\"@type\":\"ReadAction\",\"target\":[\"https:\/\/puchadesstudio.es\/salud\/\"]}]},{\"@type\":\"BreadcrumbList\",\"@id\":\"https:\/\/puchadesstudio.es\/salud\/#breadcrumb\",\"itemListElement\":[{\"@type\":\"ListItem\",\"position\":1,\"name\":\"Portada\",\"item\":\"https:\/\/puchadesstudio.es\/\"},{\"@type\":\"ListItem\",\"position\":2,\"name\":\"Salud\"}]},{\"@type\":\"WebSite\",\"@id\":\"https:\/\/puchadesstudio.es\/#website\",\"url\":\"https:\/\/puchadesstudio.es\/\",\"name\":\"Puchades Studio\",\"description\":\"\",\"publisher\":{\"@id\":\"https:\/\/puchadesstudio.es\/#organization\"},\"potentialAction\":[{\"@type\":\"SearchAction\",\"target\":{\"@type\":\"EntryPoint\",\"urlTemplate\":\"https:\/\/puchadesstudio.es\/?s={search_term_string}\"},\"query-input\":\"required name=search_term_string\"}],\"inLanguage\":\"nl-BE\"},{\"@type\":\"Organization\",\"@id\":\"https:\/\/puchadesstudio.es\/#organization\",\"name\":\"Puchades Studio\",\"url\":\"https:\/\/puchadesstudio.es\/\",\"logo\":{\"@type\":\"ImageObject\",\"inLanguage\":\"nl-BE\",\"@id\":\"https:\/\/puchadesstudio.es\/#\/schema\/logo\/image\/\",\"url\":\"https:\/\/puchadesstudio.es\/wp-content\/uploads\/2023\/10\/cropped-cropped-LogoGris.png\",\"contentUrl\":\"https:\/\/puchadesstudio.es\/wp-content\/uploads\/2023\/10\/cropped-cropped-LogoGris.png\",\"width\":544,\"height\":461,\"caption\":\"Puchades Studio\"},\"image\":{\"@id\":\"https:\/\/puchadesstudio.es\/#\/schema\/logo\/image\/\"}}]}<\/script>\n<!-- \/ Yoast SEO plugin. -->","yoast_head_json":{"title":"Centros Salud - Puchades Studio","robots":{"index":"index","follow":"follow","max-snippet":"max-snippet:-1","max-image-preview":"max-image-preview:large","max-video-preview":"max-video-preview:-1"},"canonical":"https:\/\/puchadesstudio.es\/nl\/salud\/","og_locale":"nl_BE","og_type":"article","og_title":"Centros Salud - Puchades Studio","og_description":"Cl\u00ednica Oftalmol\u00f3gica X\u00e0tiva Clinica Oftalmol\u00f3gica X\u00e0tiva RENOVACIONES RECIENTES Las \u00daltimas Reformas En Nuestras Sucursales Han Incluido Toques...","og_url":"https:\/\/puchadesstudio.es\/nl\/salud\/","og_site_name":"Puchades Studio","article_modified_time":"2024-10-30T13:33:38+00:00","og_image":[{"url":"https:\/\/puchadesstudio.es\/wp-content\/uploads\/2024\/08\/IMG-20240829-WA0046.jpg"}],"twitter_card":"summary_large_image","twitter_misc":{"Geschatte leestijd":"1 minuut"},"schema":{"@context":"https:\/\/schema.org","@graph":[{"@type":"WebPage","@id":"https:\/\/puchadesstudio.es\/salud\/","url":"https:\/\/puchadesstudio.es\/salud\/","name":"Centros Salud - Puchades Studio","isPartOf":{"@id":"https:\/\/puchadesstudio.es\/#website"},"datePublished":"2024-08-26T07:58:46+00:00","dateModified":"2024-10-30T13:33:38+00:00","breadcrumb":{"@id":"https:\/\/puchadesstudio.es\/salud\/#breadcrumb"},"inLanguage":"nl-BE","potentialAction":[{"@type":"ReadAction","target":["https:\/\/puchadesstudio.es\/salud\/"]}]},{"@type":"BreadcrumbList","@id":"https:\/\/puchadesstudio.es\/salud\/#breadcrumb","itemListElement":[{"@type":"ListItem","position":1,"name":"Portada","item":"https:\/\/puchadesstudio.es\/"},{"@type":"ListItem","position":2,"name":"Salud"}]},{"@type":"WebSite","@id":"https:\/\/puchadesstudio.es\/#website","url":"https:\/\/puchadesstudio.es\/","name":"Puchades Studio","description":"","publisher":{"@id":"https:\/\/puchadesstudio.es\/#organization"},"potentialAction":[{"@type":"SearchAction","target":{"@type":"EntryPoint","urlTemplate":"https:\/\/puchadesstudio.es\/?s={search_term_string}"},"query-input":"required name=search_term_string"}],"inLanguage":"nl-BE"},{"@type":"Organization","@id":"https:\/\/puchadesstudio.es\/#organization","name":"Puchades Studio","url":"https:\/\/puchadesstudio.es\/","logo":{"@type":"ImageObject","inLanguage":"nl-BE","@id":"https:\/\/puchadesstudio.es\/#\/schema\/logo\/image\/","url":"https:\/\/puchadesstudio.es\/wp-content\/uploads\/2023\/10\/cropped-cropped-LogoGris.png","contentUrl":"https:\/\/puchadesstudio.es\/wp-content\/uploads\/2023\/10\/cropped-cropped-LogoGris.png","width":544,"height":461,"caption":"Puchades Studio"},"image":{"@id":"https:\/\/puchadesstudio.es\/#\/schema\/logo\/image\/"}}]}},"_links":{"self":[{"href":"https:\/\/puchadesstudio.es\/nl\/wp-json\/wp\/v2\/pages\/12757"}],"collection":[{"href":"https:\/\/puchadesstudio.es\/nl\/wp-json\/wp\/v2\/pages"}],"about":[{"href":"https:\/\/puchadesstudio.es\/nl\/wp-json\/wp\/v2\/types\/page"}],"author":[{"embeddable":true,"href":"https:\/\/puchadesstudio.es\/nl\/wp-json\/wp\/v2\/users\/1"}],"replies":[{"embeddable":true,"href":"https:\/\/puchadesstudio.es\/nl\/wp-json\/wp\/v2\/comments?post=12757"}],"version-history":[{"count":29,"href":"https:\/\/puchadesstudio.es\/nl\/wp-json\/wp\/v2\/pages\/12757\/revisions"}],"predecessor-version":[{"id":13441,"href":"https:\/\/puchadesstudio.es\/nl\/wp-json\/wp\/v2\/pages\/12757\/revisions\/13441"}],"wp:attachment":[{"href":"https:\/\/puchadesstudio.es\/nl\/wp-json\/wp\/v2\/media?parent=12757"}],"curies":[{"name":"wp","href":"https:\/\/api.w.org\/{rel}","templated":true}]}}