{"id":3,"date":"2023-10-10T08:44:13","date_gmt":"2023-10-10T08:44:13","guid":{"rendered":"https:\/\/puchadesstudio.es\/?page_id=3"},"modified":"2023-10-19T09:11:12","modified_gmt":"2023-10-19T09:11:12","slug":"politica-privacidad","status":"publish","type":"page","link":"https:\/\/puchadesstudio.es\/nl\/politica-privacidad\/","title":{"rendered":"Pol\u00edtica Privacidad"},"content":{"rendered":"<div data-elementor-type=\"wp-page\" data-elementor-id=\"3\" class=\"elementor elementor-3\">\n\t\t\t\t<div class=\"elementor-element elementor-element-1a43eca5 e-flex e-con-boxed e-con e-parent\" data-id=\"1a43eca5\" data-element_type=\"container\">\n\t\t\t\t\t<div class=\"e-con-inner\">\n\t\t\t\t<div class=\"elementor-element elementor-element-2962ddc elementor-widget elementor-widget-text-editor\" data-id=\"2962ddc\" data-element_type=\"widget\" data-widget_type=\"text-editor.default\">\n\t\t\t\t<div class=\"elementor-widget-container\">\n\t\t\t\t\t\t\t<p><!-- wp:heading --><\/p>\n<h2 class=\"elementor-heading-title elementor-size-default\" style=\"text-align: center;\">POL\u00cdTICA DE PRIVACIDAD<\/h2>\n<p><!-- \/wp:heading --><!-- wp:paragraph --><\/p>\n<p>El siguiente texto detalla la pol\u00edtica de privacidad de PUCHADES STUDIO y la forma en que gestiona los datos personales. Es obligatoria su lectura y aceptaci\u00f3n para poder continuar navegando y acceder a los diversos servicios de esta web.<\/p>\n<p>En cumplimiento de lo previsto en la Ley Org\u00e1nica 15\/1999, de 13 de diciembre, de Protecci\u00f3n de Datos de Car\u00e1cter Personal (LOPD), el Reglamento (UE) 2016\/679 del Parlamento Europeo y del Consejo de 27 de abril de 2016 (RGPD) y la Ley 34\/2002, de 11 de julio, de Servicios de la Sociedad de la Informaci\u00f3n y Comercio Electr\u00f3nico (LSSICE o LSSI), se informa al usuario que:<\/p>\n<ul>\n<li>La informaci\u00f3n personal que se solicita al usuario en los diferentes formularios de esta web, nunca ser\u00e1 utilizada para fines distintos a los definidos en esta pol\u00edtica.<\/li>\n<li>La informaci\u00f3n personal solicitada, ser\u00e1 siempre la m\u00ednima necesaria para poder prestar el servicio y, salvo autorizaci\u00f3n expresa por parte del usuario u obligaci\u00f3n legal, no se ceder\u00e1 a terceros.<\/li>\n<li>Los datos recopilados en este sitio web, ser\u00e1n incluidos en un tratamiento denominado \u201cContactos web\u201d y cuya finalidad ser\u00e1 la de dar respuesta a las consultas planteadas, gestionar los comentarios de los usuarios e inclusi\u00f3n, si as\u00ed lo confirma el propio usuario, en una lista de correo para recibir comunicaciones peri\u00f3dicas<\/li>\n<\/ul>\n<p><!-- \/wp:paragraph --><!-- wp:heading --><\/p>\n<h5 class=\"elementor-heading-title elementor-size-default\">DATOS IDENTIFICATIVOS DEL PROPIETARIO DE LA WEB<\/h5>\n<p><!-- \/wp:heading --><!-- wp:paragraph --><\/p>\n<p>Raz\u00f3n Social: Real Home Puig SL<br \/>CIF: B42678979<br \/>Direcci\u00f3n: Carrer de les Palmeres, 46703, Benirredr\u00e0<br \/>Email:\u00a0 mpuchades@hotmail.com<br \/>Tel\u00e9fono: 676052813<\/p>\n<p><!-- \/wp:paragraph --><!-- wp:heading --><\/p>\n<h5 class=\"elementor-heading-title elementor-size-default\">INFORMACI\u00d3N SOBRE EL TRATAMIENTO<\/h5>\n<p><!-- \/wp:heading --><!-- wp:paragraph --><\/p>\n<p><!-- \/wp:paragraph --><\/p>\t\t\t\t\t\t<\/div>\n\t\t\t\t<\/div>\n\t\t\t\t\t<\/div>\n\t\t\t\t<\/div>\n\t\t<div class=\"elementor-element elementor-element-3186780 e-flex e-con-boxed e-con e-parent\" data-id=\"3186780\" data-element_type=\"container\">\n\t\t\t\t\t<div class=\"e-con-inner\">\n\t\t<div class=\"elementor-element elementor-element-fae51bc e-con-full e-flex e-con e-child\" data-id=\"fae51bc\" data-element_type=\"container\">\n\t\t\t\t<div class=\"elementor-element elementor-element-cab1a1a elementor-widget elementor-widget-text-editor\" data-id=\"cab1a1a\" data-element_type=\"widget\" data-widget_type=\"text-editor.default\">\n\t\t\t\t<div class=\"elementor-widget-container\">\n\t\t\t\t\t\t\t<p>Raz\u00f3n Social: Real Home Puig SL<br \/>CIF: B42678979<br \/>Direcci\u00f3n: Carrer de les Palmeres, 46703, Benirredr\u00e0<br \/>Email:\u00a0 mpuchades@hotmail.com<br \/>Tel\u00e9fono: 676052813<\/p>\t\t\t\t\t\t<\/div>\n\t\t\t\t<\/div>\n\t\t\t\t<\/div>\n\t\t<div class=\"elementor-element elementor-element-ad4faac e-con-full e-flex e-con e-child\" data-id=\"ad4faac\" data-element_type=\"container\">\n\t\t\t\t<div class=\"elementor-element elementor-element-100b208 elementor-widget elementor-widget-text-editor\" data-id=\"100b208\" data-element_type=\"widget\" data-widget_type=\"text-editor.default\">\n\t\t\t\t<div class=\"elementor-widget-container\">\n\t\t\t\t\t\t\t<p><strong>Finalidad<\/strong><\/p>\n<p>Dar respuesta a las consultas planteadas, gestionar los comentarios de los usuarios e inclusi\u00f3n, si as\u00ed lo confirma el propio usuario, en una lista de correo para recibir comunicaciones peri\u00f3dicas. La informaci\u00f3n ser\u00e1 mantenida un plazo m\u00e1ximo de 12 meses desde la \u00faltima actualizaci\u00f3n, mientras no exista la petici\u00f3n de supresi\u00f3n por parte del usuario.<\/p>\t\t\t\t\t\t<\/div>\n\t\t\t\t<\/div>\n\t\t\t\t<\/div>\n\t\t<div class=\"elementor-element elementor-element-93deb78 e-con-full e-flex e-con e-child\" data-id=\"93deb78\" data-element_type=\"container\">\n\t\t\t\t<div class=\"elementor-element elementor-element-e3efb31 elementor-widget elementor-widget-text-editor\" data-id=\"e3efb31\" data-element_type=\"widget\" data-widget_type=\"text-editor.default\">\n\t\t\t\t<div class=\"elementor-widget-container\">\n\t\t\t\t\t\t\t<p><strong>Legitimaci\u00f3n<\/strong><br \/>Consentimiento del afectado.<\/p>\n<p><strong>Categor\u00edas de datos<\/strong><br \/>Datos identificativos.<\/p>\n<p><strong>Destinatarios<\/strong><br \/>No se prev\u00e9n cesiones<\/p>\t\t\t\t\t\t<\/div>\n\t\t\t\t<\/div>\n\t\t\t\t<\/div>\n\t\t<div class=\"elementor-element elementor-element-b2991f1 e-con-full e-flex e-con e-child\" data-id=\"b2991f1\" data-element_type=\"container\">\n\t\t\t\t<div class=\"elementor-element elementor-element-d311d9a elementor-widget elementor-widget-text-editor\" data-id=\"d311d9a\" data-element_type=\"widget\" data-widget_type=\"text-editor.default\">\n\t\t\t\t<div class=\"elementor-widget-container\">\n\t\t\t\t\t\t\t<p><strong>Derechos<\/strong><br \/>Todos los derechos recogidos en la normativa vigente en materia de privacidad.<\/p>\n<p><strong>Procedencia de los datos<\/strong><br \/>El propio usuario.<\/p>\t\t\t\t\t\t<\/div>\n\t\t\t\t<\/div>\n\t\t\t\t<\/div>\n\t\t\t\t\t<\/div>\n\t\t\t\t<\/div>\n\t\t<div class=\"elementor-element elementor-element-121c0cb e-flex e-con-boxed e-con e-parent\" data-id=\"121c0cb\" data-element_type=\"container\">\n\t\t\t\t\t<div class=\"e-con-inner\">\n\t\t\t\t<div class=\"elementor-element elementor-element-84e113e elementor-widget elementor-widget-text-editor\" data-id=\"84e113e\" data-element_type=\"widget\" data-widget_type=\"text-editor.default\">\n\t\t\t\t<div class=\"elementor-widget-container\">\n\t\t\t\t\t\t\t<h5 class=\"elementor-heading-title elementor-size-default\">MENORES DE EDAD<\/h5>\n<p><span style=\"color: #808080;\">Consideramos que la protecci\u00f3n de datos de car\u00e1cter personal es esencial, por lo que en el supuesto de que el usuario sea menor de 13 a\u00f1os, \u00e9ste s\u00f3lo podr\u00e1 aportar sus datos personales con el previo consentimiento de los padres o tutores.<\/span><\/p>\n<h5 class=\"elementor-heading-title elementor-size-default\">COMUNICACIONES DE DATOS<\/h5>\n<p><span style=\"color: #808080;\">Por razones t\u00e9cnicas y de calidad de servicio, la presente web se encuentra alojada en los servidores de PUCHADES STUDIO.<\/span><\/p>\n<h5 class=\"elementor-heading-title elementor-size-default\">ACTUALIZACIONES Y CAMBIOS EN LA POL\u00cdTICA DE PRIVACIDAD<\/h5>\n<p><span style=\"color: #808080;\">El propietario de este sitio web puede modificar esta Pol\u00edtica de Privacidad en funci\u00f3n de exigencias legislativas, reglamentarias, o con la finalidad de adaptar dicha pol\u00edtica a las instrucciones dictadas por la Agencia Espa\u00f1ola de Protecci\u00f3n de Datos, por ello se aconseja a los Usuarios que la visiten peri\u00f3dicamente.<\/span><\/p>\n<h5 class=\"elementor-heading-title elementor-size-default\">CONSENTIMIENTO EXPRESO<\/h5>\n<p><span style=\"color: #808080;\">Como usuario, declara haber sido convenientemente informado sobre las pol\u00edticas de protecci\u00f3n de datos de este sitio web, aceptando y consintiendo el tratamiento de los mismos por parte del propietario del mismo, para las finalidades en esta pol\u00edtica dispuestas.<\/span><\/p>\n<p><span style=\"color: #808080;\">Este documento fue actualizado por \u00faltima vez el 18 de Octubre de 2023.<\/span><\/p>\t\t\t\t\t\t<\/div>\n\t\t\t\t<\/div>\n\t\t\t\t\t<\/div>\n\t\t\t\t<\/div>\n\t\t\t\t<\/div>","protected":false},"excerpt":{"rendered":"<p>POL\u00cdTICA DE PRIVACIDAD El siguiente texto detalla la pol\u00edtica de privacidad de PUCHADES STUDIO y la forma en que gestiona los datos personales. Es obligatoria su lectura y aceptaci\u00f3n para poder continuar navegando y acceder a los diversos servicios de esta web. En cumplimiento de lo previsto en la Ley Org\u00e1nica 15\/1999, de 13 de&#8230;<\/p>","protected":false},"author":1,"featured_media":0,"parent":0,"menu_order":0,"comment_status":"closed","ping_status":"closed","template":"","meta":{"_tbt_post_transparent":"","_tbt_post_title":"","_tbt_post_layout":"","_tbt_post_sidebar_id":"","_tbt_post_content_style":"","_tbt_post_vertical_padding":"","_tbt_post_feature":"","_tbt_post_feature_position":"","_tbt_post_header":false,"_tbt_post_footer":false,"footnotes":""},"yoast_head":"<!-- This site is optimized with the Yoast SEO plugin v21.5 - https:\/\/yoast.com\/wordpress\/plugins\/seo\/ -->\n<title>Pol\u00edtica Privacidad - Puchades Studio<\/title>\n<meta name=\"robots\" content=\"index, follow, max-snippet:-1, max-image-preview:large, max-video-preview:-1\" \/>\n<link rel=\"canonical\" href=\"https:\/\/puchadesstudio.es\/nl\/politica-privacidad\/\" \/>\n<meta property=\"og:locale\" content=\"nl_BE\" \/>\n<meta property=\"og:type\" content=\"article\" \/>\n<meta property=\"og:title\" content=\"Pol\u00edtica Privacidad - Puchades Studio\" \/>\n<meta property=\"og:description\" content=\"POL\u00cdTICA DE PRIVACIDAD El siguiente texto detalla la pol\u00edtica de privacidad de PUCHADES STUDIO y la forma en que gestiona los datos personales. Es obligatoria su lectura y aceptaci\u00f3n para poder continuar navegando y acceder a los diversos servicios de esta web. En cumplimiento de lo previsto en la Ley Org\u00e1nica 15\/1999, de 13 de...\" \/>\n<meta property=\"og:url\" content=\"https:\/\/puchadesstudio.es\/nl\/politica-privacidad\/\" \/>\n<meta property=\"og:site_name\" content=\"Puchades Studio\" \/>\n<meta property=\"article:modified_time\" content=\"2023-10-19T09:11:12+00:00\" \/>\n<meta name=\"twitter:card\" content=\"summary_large_image\" \/>\n<meta name=\"twitter:label1\" content=\"Geschatte leestijd\" \/>\n\t<meta name=\"twitter:data1\" content=\"3 minuten\" \/>\n<script type=\"application\/ld+json\" class=\"yoast-schema-graph\">{\"@context\":\"https:\/\/schema.org\",\"@graph\":[{\"@type\":\"WebPage\",\"@id\":\"https:\/\/puchadesstudio.es\/politica-privacidad\/\",\"url\":\"https:\/\/puchadesstudio.es\/politica-privacidad\/\",\"name\":\"Pol\u00edtica Privacidad - Puchades Studio\",\"isPartOf\":{\"@id\":\"https:\/\/puchadesstudio.es\/#website\"},\"datePublished\":\"2023-10-10T08:44:13+00:00\",\"dateModified\":\"2023-10-19T09:11:12+00:00\",\"breadcrumb\":{\"@id\":\"https:\/\/puchadesstudio.es\/politica-privacidad\/#breadcrumb\"},\"inLanguage\":\"nl-BE\",\"potentialAction\":[{\"@type\":\"ReadAction\",\"target\":[\"https:\/\/puchadesstudio.es\/politica-privacidad\/\"]}]},{\"@type\":\"BreadcrumbList\",\"@id\":\"https:\/\/puchadesstudio.es\/politica-privacidad\/#breadcrumb\",\"itemListElement\":[{\"@type\":\"ListItem\",\"position\":1,\"name\":\"Portada\",\"item\":\"https:\/\/puchadesstudio.es\/\"},{\"@type\":\"ListItem\",\"position\":2,\"name\":\"Pol\u00edtica Privacidad\"}]},{\"@type\":\"WebSite\",\"@id\":\"https:\/\/puchadesstudio.es\/#website\",\"url\":\"https:\/\/puchadesstudio.es\/\",\"name\":\"Puchades Studio\",\"description\":\"\",\"publisher\":{\"@id\":\"https:\/\/puchadesstudio.es\/#organization\"},\"potentialAction\":[{\"@type\":\"SearchAction\",\"target\":{\"@type\":\"EntryPoint\",\"urlTemplate\":\"https:\/\/puchadesstudio.es\/?s={search_term_string}\"},\"query-input\":\"required name=search_term_string\"}],\"inLanguage\":\"nl-BE\"},{\"@type\":\"Organization\",\"@id\":\"https:\/\/puchadesstudio.es\/#organization\",\"name\":\"Puchades Studio\",\"url\":\"https:\/\/puchadesstudio.es\/\",\"logo\":{\"@type\":\"ImageObject\",\"inLanguage\":\"nl-BE\",\"@id\":\"https:\/\/puchadesstudio.es\/#\/schema\/logo\/image\/\",\"url\":\"https:\/\/puchadesstudio.es\/wp-content\/uploads\/2023\/10\/cropped-cropped-LogoGris.png\",\"contentUrl\":\"https:\/\/puchadesstudio.es\/wp-content\/uploads\/2023\/10\/cropped-cropped-LogoGris.png\",\"width\":544,\"height\":461,\"caption\":\"Puchades Studio\"},\"image\":{\"@id\":\"https:\/\/puchadesstudio.es\/#\/schema\/logo\/image\/\"}}]}<\/script>\n<!-- \/ Yoast SEO plugin. -->","yoast_head_json":{"title":"Pol\u00edtica Privacidad - Puchades Studio","robots":{"index":"index","follow":"follow","max-snippet":"max-snippet:-1","max-image-preview":"max-image-preview:large","max-video-preview":"max-video-preview:-1"},"canonical":"https:\/\/puchadesstudio.es\/nl\/politica-privacidad\/","og_locale":"nl_BE","og_type":"article","og_title":"Pol\u00edtica Privacidad - Puchades Studio","og_description":"POL\u00cdTICA DE PRIVACIDAD El siguiente texto detalla la pol\u00edtica de privacidad de PUCHADES STUDIO y la forma en que gestiona los datos personales. Es obligatoria su lectura y aceptaci\u00f3n para poder continuar navegando y acceder a los diversos servicios de esta web. En cumplimiento de lo previsto en la Ley Org\u00e1nica 15\/1999, de 13 de...","og_url":"https:\/\/puchadesstudio.es\/nl\/politica-privacidad\/","og_site_name":"Puchades Studio","article_modified_time":"2023-10-19T09:11:12+00:00","twitter_card":"summary_large_image","twitter_misc":{"Geschatte leestijd":"3 minuten"},"schema":{"@context":"https:\/\/schema.org","@graph":[{"@type":"WebPage","@id":"https:\/\/puchadesstudio.es\/politica-privacidad\/","url":"https:\/\/puchadesstudio.es\/politica-privacidad\/","name":"Pol\u00edtica Privacidad - Puchades Studio","isPartOf":{"@id":"https:\/\/puchadesstudio.es\/#website"},"datePublished":"2023-10-10T08:44:13+00:00","dateModified":"2023-10-19T09:11:12+00:00","breadcrumb":{"@id":"https:\/\/puchadesstudio.es\/politica-privacidad\/#breadcrumb"},"inLanguage":"nl-BE","potentialAction":[{"@type":"ReadAction","target":["https:\/\/puchadesstudio.es\/politica-privacidad\/"]}]},{"@type":"BreadcrumbList","@id":"https:\/\/puchadesstudio.es\/politica-privacidad\/#breadcrumb","itemListElement":[{"@type":"ListItem","position":1,"name":"Portada","item":"https:\/\/puchadesstudio.es\/"},{"@type":"ListItem","position":2,"name":"Pol\u00edtica Privacidad"}]},{"@type":"WebSite","@id":"https:\/\/puchadesstudio.es\/#website","url":"https:\/\/puchadesstudio.es\/","name":"Puchades Studio","description":"","publisher":{"@id":"https:\/\/puchadesstudio.es\/#organization"},"potentialAction":[{"@type":"SearchAction","target":{"@type":"EntryPoint","urlTemplate":"https:\/\/puchadesstudio.es\/?s={search_term_string}"},"query-input":"required name=search_term_string"}],"inLanguage":"nl-BE"},{"@type":"Organization","@id":"https:\/\/puchadesstudio.es\/#organization","name":"Puchades Studio","url":"https:\/\/puchadesstudio.es\/","logo":{"@type":"ImageObject","inLanguage":"nl-BE","@id":"https:\/\/puchadesstudio.es\/#\/schema\/logo\/image\/","url":"https:\/\/puchadesstudio.es\/wp-content\/uploads\/2023\/10\/cropped-cropped-LogoGris.png","contentUrl":"https:\/\/puchadesstudio.es\/wp-content\/uploads\/2023\/10\/cropped-cropped-LogoGris.png","width":544,"height":461,"caption":"Puchades Studio"},"image":{"@id":"https:\/\/puchadesstudio.es\/#\/schema\/logo\/image\/"}}]}},"_links":{"self":[{"href":"https:\/\/puchadesstudio.es\/nl\/wp-json\/wp\/v2\/pages\/3"}],"collection":[{"href":"https:\/\/puchadesstudio.es\/nl\/wp-json\/wp\/v2\/pages"}],"about":[{"href":"https:\/\/puchadesstudio.es\/nl\/wp-json\/wp\/v2\/types\/page"}],"author":[{"embeddable":true,"href":"https:\/\/puchadesstudio.es\/nl\/wp-json\/wp\/v2\/users\/1"}],"replies":[{"embeddable":true,"href":"https:\/\/puchadesstudio.es\/nl\/wp-json\/wp\/v2\/comments?post=3"}],"version-history":[{"count":10,"href":"https:\/\/puchadesstudio.es\/nl\/wp-json\/wp\/v2\/pages\/3\/revisions"}],"predecessor-version":[{"id":11873,"href":"https:\/\/puchadesstudio.es\/nl\/wp-json\/wp\/v2\/pages\/3\/revisions\/11873"}],"wp:attachment":[{"href":"https:\/\/puchadesstudio.es\/nl\/wp-json\/wp\/v2\/media?parent=3"}],"curies":[{"name":"wp","href":"https:\/\/api.w.org\/{rel}","templated":true}]}}